{"id":642,"date":"2025-06-27T12:07:01","date_gmt":"2025-06-27T10:07:01","guid":{"rendered":"https:\/\/cebaestella.educacion.navarra.es\/web\/?page_id=642"},"modified":"2025-06-30T12:40:42","modified_gmt":"2025-06-30T10:40:42","slug":"preinscripcion-y-matricula-competencias-clave-n2","status":"publish","type":"page","link":"https:\/\/cebaestella.educacion.navarra.es\/web\/preinscripcion-y-matricula-competencias-clave-n2\/","title":{"rendered":"Preinscripci\u00f3n y matr\u00edcula Competencias Clave N2"},"content":{"rendered":"\n<p><\/p>\n\n\n\n<h3 class=\"has-text-align-center\"><mark style=\"background-color:rgba(0, 0, 0, 0)\" class=\"has-inline-color has-theme-primary-color\"><strong>Pasos para ser alumnado del CEBA Estella.<\/strong><\/mark><\/h3>\n\n\n\n<p><\/p>\n\n\n\n<p class=\"has-text-align-center\" style=\"font-size:24px\"><em><strong>PREINSCRIPCI\u00d3N<\/strong><\/em><\/p>\n\n\n\n<p class=\"has-theme-primary-color has-text-color\"><strong>Del 2 al 9 de septiembre de 2025, de 10 a 13h. <\/strong><\/p>\n\n\n\n<div class=\"wp-block-columns\">\n<div class=\"wp-block-column\"><\/div>\n<\/div>\n\n\n\n<p class=\"has-text-align-center\" style=\"font-size:24px\"><em><strong>Valoraci\u00f3n Inicial del alumnado (VIA)<\/strong><\/em><\/p>\n\n\n\n<p class=\"has-theme-primary-color has-text-color\"><strong>10 de septiembre de 2025<\/strong><\/p>\n\n\n\n<p class=\"has-text-align-center\"><strong>9:30h. prueba de lengua<\/strong>.<\/p>\n\n\n\n<p class=\"has-text-align-center\"><strong>11:30h. prueba de mate.<\/strong><\/p>\n\n\n\n<div class=\"wp-block-columns\">\n<div class=\"wp-block-column\"><\/div>\n<\/div>\n\n\n\n<p class=\"has-text-align-center\" style=\"font-size:24px\"><em><strong>Matr\u00edcula de alumnado admitido<\/strong><\/em><\/p>\n\n\n\n<p class=\"has-theme-primary-color has-text-color\"><strong>Del 12 al 17 de septiembre de 2025, de 10 a 13h.<\/strong><\/p>\n\n\n\n<div class=\"wp-block-columns\">\n<div class=\"wp-block-column\"><\/div>\n<\/div>\n\n\n\n<div class=\"wp-block-columns\">\n<div class=\"wp-block-column\">\n<div class=\"wp-block-image is-style-default\"><figure class=\"alignright size-full is-resized\"><img loading=\"lazy\" src=\"https:\/\/cebaestella.educacion.navarra.es\/web\/wp-content\/uploads\/2025\/06\/PHOTO-2024-09-25-12-08-55-1.jpg\" alt=\"\" class=\"wp-image-561\" width=\"246\" height=\"157\"\/><\/figure><\/div>\n<\/div>\n\n\n\n<div class=\"wp-block-column\">\n<p style=\"font-size:12px\"><br><br>848 43 12 87<br>cebaeste@educacion.navarra.es<br>Calle Teobaldo II, s\/n<br>(Parque de Los Llanos)<br>31200, Estella<\/p>\n<\/div>\n<\/div>\n\n\n\n<p><\/p>\n","protected":false},"excerpt":{"rendered":"<p>Pasos para ser alumnado del CEBA Estella. PREINSCRIPCI\u00d3N Del 2 al 9 de septiembre de 2025, de 10 a 13h. Valoraci\u00f3n Inicial del alumnado (VIA) 10 de septiembre de 2025 9:30h. prueba de lengua. 11:30h. prueba de mate. Matr\u00edcula de alumnado admitido Del 12 al 17 de septiembre de 2025, de 10 a 13h.<\/p>\n","protected":false},"author":1,"featured_media":0,"parent":0,"menu_order":0,"comment_status":"closed","ping_status":"closed","template":"","meta":{"_genesis_hide_title":false,"_genesis_hide_breadcrumbs":false,"_genesis_hide_singular_image":false,"_genesis_hide_footer_widgets":false,"_genesis_custom_body_class":"","_genesis_custom_post_class":"","_genesis_layout":""},"featured_image_src":null,"featured_image_src_square":null,"_links":{"self":[{"href":"https:\/\/cebaestella.educacion.navarra.es\/web\/wp-json\/wp\/v2\/pages\/642"}],"collection":[{"href":"https:\/\/cebaestella.educacion.navarra.es\/web\/wp-json\/wp\/v2\/pages"}],"about":[{"href":"https:\/\/cebaestella.educacion.navarra.es\/web\/wp-json\/wp\/v2\/types\/page"}],"author":[{"embeddable":true,"href":"https:\/\/cebaestella.educacion.navarra.es\/web\/wp-json\/wp\/v2\/users\/1"}],"replies":[{"embeddable":true,"href":"https:\/\/cebaestella.educacion.navarra.es\/web\/wp-json\/wp\/v2\/comments?post=642"}],"version-history":[{"count":8,"href":"https:\/\/cebaestella.educacion.navarra.es\/web\/wp-json\/wp\/v2\/pages\/642\/revisions"}],"predecessor-version":[{"id":698,"href":"https:\/\/cebaestella.educacion.navarra.es\/web\/wp-json\/wp\/v2\/pages\/642\/revisions\/698"}],"wp:attachment":[{"href":"https:\/\/cebaestella.educacion.navarra.es\/web\/wp-json\/wp\/v2\/media?parent=642"}],"curies":[{"name":"wp","href":"https:\/\/api.w.org\/{rel}","templated":true}]}}