{"id":637,"date":"2025-06-27T12:04:06","date_gmt":"2025-06-27T10:04:06","guid":{"rendered":"https:\/\/cebaestella.educacion.navarra.es\/web\/?page_id=637"},"modified":"2025-06-30T10:57:03","modified_gmt":"2025-06-30T08:57:03","slug":"preinscripcion-y-matricula-formacion-basica-y-permanente","status":"publish","type":"page","link":"https:\/\/cebaestella.educacion.navarra.es\/web\/preinscripcion-y-matricula-formacion-basica-y-permanente\/","title":{"rendered":"Preinscripci\u00f3n y matr\u00edcula formaci\u00f3n b\u00e1sica y permanente"},"content":{"rendered":"\n<p class=\"has-text-align-center has-theme-primary-color has-text-color has-larger-font-size\"><strong><mark style=\"background-color:rgba(0, 0, 0, 0)\" class=\"has-inline-color has-theme-primary-color\"><strong>Pasos para ser alumnado del CEBA Estella.<\/strong><\/mark><\/strong><\/p>\n\n\n\n<p class=\"has-text-align-center\" style=\"font-size:24px\"><em><strong>ANTIGUO ALUMNADO<\/strong><\/em><\/p>\n\n\n\n<p class=\"has-theme-primary-color has-text-color\"><strong>Matr\u00edcula de los S\u00cd preinscritos en junio de 2025:<\/strong><\/p>\n\n\n\n<p>Los d\u00edas <strong>4 y 5 de septiembre de 2025 de 10 a 13h.<\/strong><\/p>\n\n\n\n<div class=\"wp-block-columns\">\n<div class=\"wp-block-column\"><\/div>\n<\/div>\n\n\n\n<p class=\"has-theme-primary-color has-text-color\"><strong>Matr\u00edcula de los NO preinscritos en junio de 2025:<\/strong><\/p>\n\n\n\n<p>El d\u00eda <strong>8 de septiembre de 2025 de 10 a 13h.<\/strong><\/p>\n\n\n\n<div class=\"wp-block-columns\">\n<div class=\"wp-block-column\"><\/div>\n<\/div>\n\n\n\n<p class=\"has-text-align-center\" style=\"font-size:24px\"><em><strong>NUEVO ALUMNADO<\/strong><\/em><\/p>\n\n\n\n<p class=\"has-theme-primary-color has-text-color\"><strong>PREINSCRIPCI\u00d3N:<\/strong><\/p>\n\n\n\n<p>Preinscripci\u00f3n nuevo alumnado<strong> <\/strong>los d\u00edas <strong>8 y 9 de septiembre de 2025 de 10 a 13h.<\/strong><\/p>\n\n\n\n<div class=\"wp-container-1 wp-block-buttons\">\n<div class=\"wp-block-button has-custom-font-size has-large-font-size\"><a class=\"wp-block-button__link has-theme-primary-background-color has-background\"><strong>Preinscr\u00edbete<\/strong><\/a><\/div>\n<\/div>\n\n\n\n<div class=\"wp-block-columns\">\n<div class=\"wp-block-column\"><\/div>\n<\/div>\n\n\n\n<p class=\"has-theme-primary-color has-text-color\"><strong>VALORACI\u00d3N INICIAL DEL ALUMNADO (VIA):<\/strong><\/p>\n\n\n\n<p>Fecha Valoraci\u00f3n Inicial del alumnado (VIA) de <strong>Espa\u00f1ol como segunda lengua, Euskera, Franc\u00e9s e Ingl\u00e9s<\/strong>, el d\u00eda <strong>10 de septiembre de 2025, a las 10h.<\/strong><\/p>\n\n\n\n<div class=\"wp-block-columns\">\n<div class=\"wp-block-column\"><\/div>\n<\/div>\n\n\n\n<p class=\"has-theme-primary-color has-text-color\"><strong>LISTA DE ADMITIDOS:<\/strong><\/p>\n\n\n\n<p>El d\u00eda <strong>12 de septiembre de 2025 a partir de las 10h.<\/strong><\/p>\n\n\n\n<div class=\"wp-block-columns\">\n<div class=\"wp-block-column\"><\/div>\n<\/div>\n\n\n\n<p class=\"has-theme-primary-color has-text-color\"><strong>MATR\u00cdCULA:<\/strong><\/p>\n\n\n\n<p>Los d\u00edas <strong>12 y 15 de septiembre de 2025 de 10 a 13h.<\/strong><\/p>\n\n\n\n<figure class=\"wp-block-image\"><img alt=\"\"\/><\/figure>\n\n\n\n<div class=\"wp-block-columns\">\n<div class=\"wp-block-column\">\n<div class=\"wp-block-image is-style-default\"><figure class=\"alignright size-full is-resized\"><img loading=\"lazy\" src=\"https:\/\/cebaestella.educacion.navarra.es\/web\/wp-content\/uploads\/2025\/06\/PHOTO-2024-09-25-12-08-55-1.jpg\" alt=\"\" class=\"wp-image-561\" width=\"246\" height=\"157\"\/><\/figure><\/div>\n<\/div>\n\n\n\n<div class=\"wp-block-column\">\n<p style=\"font-size:12px\"><br><br>848 43 12 87<br>cebaeste@educacion.navarra.es<br>Calle Teobaldo II, s\/n<br>(Parque de Los Llanos)<br>31200, Estella<\/p>\n<\/div>\n<\/div>\n","protected":false},"excerpt":{"rendered":"<p>Pasos para ser alumnado del CEBA Estella. ANTIGUO ALUMNADO Matr\u00edcula de los S\u00cd preinscritos en junio de 2025: Los d\u00edas 4 y 5 de septiembre de 2025 de 10 a 13h. Matr\u00edcula de los NO preinscritos en junio de 2025: El d\u00eda 8 de septiembre de 2025 de 10 a 13h. NUEVO ALUMNADO PREINSCRIPCI\u00d3N: Preinscripci\u00f3n [&hellip;]<\/p>\n","protected":false},"author":1,"featured_media":0,"parent":0,"menu_order":0,"comment_status":"closed","ping_status":"closed","template":"","meta":{"_genesis_hide_title":false,"_genesis_hide_breadcrumbs":false,"_genesis_hide_singular_image":false,"_genesis_hide_footer_widgets":false,"_genesis_custom_body_class":"","_genesis_custom_post_class":"","_genesis_layout":""},"featured_image_src":null,"featured_image_src_square":null,"_links":{"self":[{"href":"https:\/\/cebaestella.educacion.navarra.es\/web\/wp-json\/wp\/v2\/pages\/637"}],"collection":[{"href":"https:\/\/cebaestella.educacion.navarra.es\/web\/wp-json\/wp\/v2\/pages"}],"about":[{"href":"https:\/\/cebaestella.educacion.navarra.es\/web\/wp-json\/wp\/v2\/types\/page"}],"author":[{"embeddable":true,"href":"https:\/\/cebaestella.educacion.navarra.es\/web\/wp-json\/wp\/v2\/users\/1"}],"replies":[{"embeddable":true,"href":"https:\/\/cebaestella.educacion.navarra.es\/web\/wp-json\/wp\/v2\/comments?post=637"}],"version-history":[{"count":16,"href":"https:\/\/cebaestella.educacion.navarra.es\/web\/wp-json\/wp\/v2\/pages\/637\/revisions"}],"predecessor-version":[{"id":687,"href":"https:\/\/cebaestella.educacion.navarra.es\/web\/wp-json\/wp\/v2\/pages\/637\/revisions\/687"}],"wp:attachment":[{"href":"https:\/\/cebaestella.educacion.navarra.es\/web\/wp-json\/wp\/v2\/media?parent=637"}],"curies":[{"name":"wp","href":"https:\/\/api.w.org\/{rel}","templated":true}]}}