{"id":635,"date":"2025-06-30T10:59:21","date_gmt":"2025-06-30T08:59:21","guid":{"rendered":"https:\/\/cebaestella.educacion.navarra.es\/web\/?page_id=635"},"modified":"2025-06-30T12:37:26","modified_gmt":"2025-06-30T10:37:26","slug":"preinscripcion-y-matricula","status":"publish","type":"page","link":"https:\/\/cebaestella.educacion.navarra.es\/web\/preinscripcion-y-matricula\/","title":{"rendered":"Matr\u00edcula"},"content":{"rendered":"\n<div class=\"wp-block-columns\">\n<div class=\"wp-block-column\"><\/div>\n<\/div>\n\n\n\n<p><strong><mark style=\"background-color:rgba(0, 0, 0, 0)\" class=\"has-inline-color has-theme-primary-color\">PARA FORMALIZAR LA MATR\u00cdCULA:<\/mark><\/strong><\/p>\n\n\n\n<p>Debes pasar por el centro educativo en <strong>horario de atenci\u00f3n al p\u00fablico<\/strong>  (excepto en periodo de vacaciones y periodos especiales de inicio de curso y cambio de cuatrimestre, donde habr\u00e1 fechas y horas especiales) con la siguiente <strong>documentaci\u00f3n:<\/strong><\/p>\n\n\n\n<p>&#8211; <strong>Fotocopia del DNI, pasaporte<\/strong> o documento identificativo<\/p>\n\n\n\n<p>&#8211; <strong>Dinero para la matr\u00edcula<\/strong> <\/p>\n\n\n\n<div class=\"wp-block-columns\">\n<div class=\"wp-block-column\"><\/div>\n<\/div>\n\n\n\n<p>El plazo para realizar la preinscripci\u00f3n est\u00e1 <strong>abierto todo el a\u00f1o<\/strong> en <strong>horario de atenci\u00f3n al p\u00fablico<\/strong> (excepto en periodo de vacaciones y periodos especiales de inicio de curso y cambio de cuatrimestre, donde habr\u00e1 fechas y horas especiales).<\/p>\n\n\n\n<div class=\"wp-block-columns\">\n<div class=\"wp-block-column\"><\/div>\n<\/div>\n\n\n\n<div class=\"wp-container-1 wp-block-buttons alignwide\">\n<div class=\"wp-block-button\"><a class=\"wp-block-button__link has-theme-primary-background-color has-background\" href=\"https:\/\/cebaestella.educacion.navarra.es\/web\/preinscripcion-y-matricula-formacion-basica-y-permanente\/\"><strong>foRMACI\u00d3N b\u00c1SICA<\/strong><\/a><\/div>\n\n\n\n<div class=\"wp-block-button is-style-fill\"><a class=\"wp-block-button__link has-theme-primary-background-color has-background\" href=\"https:\/\/cebaestella.educacion.navarra.es\/web\/preinscripcion-y-matricula-competencias-clave-n2\/\"><strong>cOMPETENCIAS CLAVE n2<\/strong><\/a><\/div>\n\n\n\n<div class=\"wp-block-button\"><a class=\"wp-block-button__link has-theme-primary-background-color has-background\" href=\"https:\/\/cebaestella.educacion.navarra.es\/web\/preinscripcion-y-matricula-formacion-basica-y-permanente\/\"><strong>fORMACI\u00d3N PeRMANENTE<\/strong><\/a><\/div>\n<\/div>\n\n\n\n<div class=\"wp-block-columns\">\n<div class=\"wp-block-column\"><\/div>\n<\/div>\n\n\n\n<div class=\"wp-block-columns\">\n<div class=\"wp-block-column\">\n<div class=\"wp-block-image is-style-default\"><figure class=\"alignright size-full is-resized\"><img loading=\"lazy\" src=\"https:\/\/cebaestella.educacion.navarra.es\/web\/wp-content\/uploads\/2025\/06\/PHOTO-2024-09-25-12-08-55-1.jpg\" alt=\"\" class=\"wp-image-561\" width=\"246\" height=\"157\"\/><\/figure><\/div>\n<\/div>\n\n\n\n<div class=\"wp-block-column\">\n<p style=\"font-size:12px\"><br><br>848 43 12 87<br>cebaeste@educacion.navarra.es<br>Calle Teobaldo II, s\/n<br>(Parque de Los Llanos)<br>31200, Estella<\/p>\n<\/div>\n<\/div>\n","protected":false},"excerpt":{"rendered":"<p>PARA FORMALIZAR LA MATR\u00cdCULA: Debes pasar por el centro educativo en horario de atenci\u00f3n al p\u00fablico (excepto en periodo de vacaciones y periodos especiales de inicio de curso y cambio de cuatrimestre, donde habr\u00e1 fechas y horas especiales) con la siguiente documentaci\u00f3n: &#8211; Fotocopia del DNI, pasaporte o documento identificativo &#8211; Dinero para la matr\u00edcula [&hellip;]<\/p>\n","protected":false},"author":1,"featured_media":0,"parent":0,"menu_order":0,"comment_status":"closed","ping_status":"closed","template":"","meta":{"_genesis_hide_title":false,"_genesis_hide_breadcrumbs":false,"_genesis_hide_singular_image":false,"_genesis_hide_footer_widgets":false,"_genesis_custom_body_class":"","_genesis_custom_post_class":"","_genesis_layout":""},"featured_image_src":null,"featured_image_src_square":null,"_links":{"self":[{"href":"https:\/\/cebaestella.educacion.navarra.es\/web\/wp-json\/wp\/v2\/pages\/635"}],"collection":[{"href":"https:\/\/cebaestella.educacion.navarra.es\/web\/wp-json\/wp\/v2\/pages"}],"about":[{"href":"https:\/\/cebaestella.educacion.navarra.es\/web\/wp-json\/wp\/v2\/types\/page"}],"author":[{"embeddable":true,"href":"https:\/\/cebaestella.educacion.navarra.es\/web\/wp-json\/wp\/v2\/users\/1"}],"replies":[{"embeddable":true,"href":"https:\/\/cebaestella.educacion.navarra.es\/web\/wp-json\/wp\/v2\/comments?post=635"}],"version-history":[{"count":7,"href":"https:\/\/cebaestella.educacion.navarra.es\/web\/wp-json\/wp\/v2\/pages\/635\/revisions"}],"predecessor-version":[{"id":697,"href":"https:\/\/cebaestella.educacion.navarra.es\/web\/wp-json\/wp\/v2\/pages\/635\/revisions\/697"}],"wp:attachment":[{"href":"https:\/\/cebaestella.educacion.navarra.es\/web\/wp-json\/wp\/v2\/media?parent=635"}],"curies":[{"name":"wp","href":"https:\/\/api.w.org\/{rel}","templated":true}]}}