{"id":2,"date":"2020-03-24T11:12:46","date_gmt":"2020-03-24T10:12:46","guid":{"rendered":"https:\/\/cebaestella.educacion.navarra.es\/web\/?page_id=2"},"modified":"2025-06-30T09:24:22","modified_gmt":"2025-06-30T07:24:22","slug":"contacto","status":"publish","type":"page","link":"https:\/\/cebaestella.educacion.navarra.es\/web\/contacto\/","title":{"rendered":"Contacto"},"content":{"rendered":"\n<p>Si quieres ponerte en contacto con el CEBA de Estella-Lizarra puedes hacerlo de distintas maneras:<\/p>\n\n\n\n<p><\/p>\n\n\n\n<div class=\"wp-block-image\"><figure class=\"aligncenter size-full\"><img loading=\"lazy\" width=\"407\" height=\"255\" src=\"https:\/\/cebaestella.educacion.navarra.es\/web\/wp-content\/uploads\/2025\/06\/PHOTO-2024-09-25-12-08-55-2.jpg\" alt=\"\" class=\"wp-image-564\" srcset=\"https:\/\/cebaestella.educacion.navarra.es\/web\/wp-content\/uploads\/2025\/06\/PHOTO-2024-09-25-12-08-55-2.jpg 407w, https:\/\/cebaestella.educacion.navarra.es\/web\/wp-content\/uploads\/2025\/06\/PHOTO-2024-09-25-12-08-55-2-300x188.jpg 300w\" sizes=\"(max-width: 407px) 100vw, 407px\" \/><\/figure><\/div>\n\n\n\n<div class=\"wp-block-columns\">\n<div class=\"wp-block-column\">\n<p class=\"has-text-align-center has-normal-font-size\"><strong>Horario de atenci\u00f3n al p\u00fablico:<\/strong><\/p>\n\n\n\n<p class=\"has-text-align-center has-normal-font-size\">Mi\u00e9rcoles, 10:00h a 13:00h<\/p>\n<\/div>\n<\/div>\n\n\n\n<div class=\"wp-block-columns\">\n<div class=\"wp-block-column\">\n<p class=\"has-text-align-center\"><strong>Calle Teobaldo II<\/strong><\/p>\n\n\n\n<p class=\"has-text-align-center\">31200, Estella-Lizarra<\/p>\n<\/div>\n\n\n\n<div class=\"wp-block-column\">\n<p class=\"has-text-align-center has-normal-font-size\"><strong>848 43 12 87<\/strong><\/p>\n\n\n\n<p class=\"has-text-align-center has-normal-font-size\"><strong>cebaeste@educacion.navarra.es<\/strong><\/p>\n<\/div>\n<\/div>\n\n\n\n<p>Rellena el formulario que aparece a continuaci\u00f3n. Todos los campos son obligatorios.<\/p>\n\n\n<div role=\"form\" class=\"wpcf7\" id=\"wpcf7-f12-o1\" lang=\"es-ES\" dir=\"ltr\">\n<div class=\"screen-reader-response\"><p role=\"status\" aria-live=\"polite\" aria-atomic=\"true\"><\/p> <ul><\/ul><\/div>\n<form action=\"\/web\/wp-json\/wp\/v2\/pages\/2#wpcf7-f12-o1\" method=\"post\" class=\"wpcf7-form init\" novalidate=\"novalidate\" data-status=\"init\">\n<div style=\"display: none;\">\n<input type=\"hidden\" name=\"_wpcf7\" value=\"12\" \/>\n<input type=\"hidden\" name=\"_wpcf7_version\" value=\"5.6.4\" \/>\n<input type=\"hidden\" name=\"_wpcf7_locale\" value=\"es_ES\" \/>\n<input type=\"hidden\" name=\"_wpcf7_unit_tag\" value=\"wpcf7-f12-o1\" \/>\n<input type=\"hidden\" name=\"_wpcf7_container_post\" value=\"0\" \/>\n<input type=\"hidden\" name=\"_wpcf7_posted_data_hash\" value=\"\" \/>\n<\/div>\n<p><label> Nombre y apellidos<br \/>\n    <span class=\"wpcf7-form-control-wrap\" data-name=\"your-name\"><input type=\"text\" name=\"your-name\" value=\"\" size=\"40\" class=\"wpcf7-form-control wpcf7-text wpcf7-validates-as-required\" aria-required=\"true\" aria-invalid=\"false\" \/><\/span> <\/label><\/p>\n<p><label> Email<br \/>\n    <span class=\"wpcf7-form-control-wrap\" data-name=\"your-email\"><input type=\"email\" name=\"your-email\" value=\"\" size=\"40\" class=\"wpcf7-form-control wpcf7-text wpcf7-email wpcf7-validates-as-required wpcf7-validates-as-email\" aria-required=\"true\" aria-invalid=\"false\" \/><\/span> <\/label><\/p>\n<p><label> Asunto<br \/>\n    <span class=\"wpcf7-form-control-wrap\" data-name=\"your-subject\"><input type=\"text\" name=\"your-subject\" value=\"\" size=\"40\" class=\"wpcf7-form-control wpcf7-text wpcf7-validates-as-required\" aria-required=\"true\" aria-invalid=\"false\" \/><\/span> <\/label><\/p>\n<p><label> Mensaje<br \/>\n    <span class=\"wpcf7-form-control-wrap\" data-name=\"your-message\"><textarea name=\"your-message\" cols=\"40\" rows=\"10\" class=\"wpcf7-form-control wpcf7-textarea wpcf7-validates-as-required\" aria-required=\"true\" aria-invalid=\"false\"><\/textarea><\/span> <\/label><\/p>\n<p><label> Pregunta de verificaci\u00f3n antispam<br \/>\n    <span class=\"wpcf7-form-control-wrap\" data-name=\"quiz-816\"><label><span class=\"wpcf7-quiz-label\">\u00bfCu\u00e1nto suman 37+22?<\/span> <input type=\"text\" name=\"quiz-816\" size=\"40\" class=\"wpcf7-form-control wpcf7-quiz\" autocomplete=\"off\" aria-required=\"true\" aria-invalid=\"false\" \/><\/label><input type=\"hidden\" name=\"_wpcf7_quiz_answer_quiz-816\" value=\"c006a671216031252a0f3bcc12f953c0\" \/><\/span> <\/label><\/p>\n<p><input type=\"submit\" value=\"Enviar\" class=\"wpcf7-form-control has-spinner wpcf7-submit\" \/><\/p>\n<p style=\"display: none !important;\" class=\"akismet-fields-container\" data-prefix=\"_wpcf7_ak_\"><label>&#916;<textarea name=\"_wpcf7_ak_hp_textarea\" cols=\"45\" rows=\"8\" maxlength=\"100\"><\/textarea><\/label><input type=\"hidden\" id=\"ak_js_1\" name=\"_wpcf7_ak_js\" value=\"31\"\/><script>document.getElementById( \"ak_js_1\" ).setAttribute( \"value\", ( new Date() ).getTime() );<\/script><\/p><div class=\"wpcf7-response-output\" aria-hidden=\"true\"><\/div><\/form><\/div>\n\n\n\n<p><\/p>\n","protected":false},"excerpt":{"rendered":"<p>Si quieres ponerte en contacto con el CEBA de Estella-Lizarra puedes hacerlo de distintas maneras: Horario de atenci\u00f3n al p\u00fablico: Mi\u00e9rcoles, 10:00h a 13:00h Calle Teobaldo II 31200, Estella-Lizarra 848 43 12 87 cebaeste@educacion.navarra.es Rellena el formulario que aparece a continuaci\u00f3n. Todos los campos son obligatorios.<\/p>\n","protected":false},"author":1,"featured_media":0,"parent":0,"menu_order":0,"comment_status":"closed","ping_status":"closed","template":"","meta":{"_genesis_hide_title":false,"_genesis_hide_breadcrumbs":false,"_genesis_hide_singular_image":false,"_genesis_hide_footer_widgets":false,"_genesis_custom_body_class":"","_genesis_custom_post_class":"","_genesis_layout":""},"featured_image_src":null,"featured_image_src_square":null,"_links":{"self":[{"href":"https:\/\/cebaestella.educacion.navarra.es\/web\/wp-json\/wp\/v2\/pages\/2"}],"collection":[{"href":"https:\/\/cebaestella.educacion.navarra.es\/web\/wp-json\/wp\/v2\/pages"}],"about":[{"href":"https:\/\/cebaestella.educacion.navarra.es\/web\/wp-json\/wp\/v2\/types\/page"}],"author":[{"embeddable":true,"href":"https:\/\/cebaestella.educacion.navarra.es\/web\/wp-json\/wp\/v2\/users\/1"}],"replies":[{"embeddable":true,"href":"https:\/\/cebaestella.educacion.navarra.es\/web\/wp-json\/wp\/v2\/comments?post=2"}],"version-history":[{"count":10,"href":"https:\/\/cebaestella.educacion.navarra.es\/web\/wp-json\/wp\/v2\/pages\/2\/revisions"}],"predecessor-version":[{"id":663,"href":"https:\/\/cebaestella.educacion.navarra.es\/web\/wp-json\/wp\/v2\/pages\/2\/revisions\/663"}],"wp:attachment":[{"href":"https:\/\/cebaestella.educacion.navarra.es\/web\/wp-json\/wp\/v2\/media?parent=2"}],"curies":[{"name":"wp","href":"https:\/\/api.w.org\/{rel}","templated":true}]}}