{"id":193,"date":"2021-01-20T11:53:02","date_gmt":"2021-01-20T10:53:02","guid":{"rendered":"https:\/\/cebaestella.educacion.navarra.es\/web\/?page_id=193"},"modified":"2025-06-26T11:52:38","modified_gmt":"2025-06-26T09:52:38","slug":"espanol-lengua-extranjera","status":"publish","type":"page","link":"https:\/\/cebaestella.educacion.navarra.es\/web\/espanol-lengua-extranjera\/","title":{"rendered":"Espa\u00f1ol lengua extranjera"},"content":{"rendered":"\n<p>Desde el centro educativo de personas adultas de Estella-Lizarra, ofrecemos clases de  espa\u00f1ol para el alumnado que lo demande.<\/p>\n\n\n\n<p>Tenemos grupos de nivel <strong>usuario b\u00e1sico (A)<\/strong>, seg\u00fan el marco com\u00fan europeo de las lenguas:<\/p>\n\n\n\n<div class=\"wp-block-columns\">\n<div class=\"wp-block-column\">\n<p><strong>Clases nivel A1: el alumnado parte con ning\u00fan conocimiento, o un conocimiento muy elemental de la lengua espa\u00f1ola.<\/strong><\/p>\n<\/div>\n\n\n\n<div class=\"wp-block-column\">\n<p><strong>Clases nivel A2: el alumnado parte de un nivel A1 ya adquirido.<\/strong><\/p>\n<\/div>\n<\/div>\n\n\n\n<div class=\"wp-block-columns\">\n<div class=\"wp-block-column\">\n<p>Despu\u00e9s del trabajo realizado en el aula, el alumnado es capaz de comprender y utilizar expresiones cotidianas de uso muy frecuente as\u00ed como frases sencillas destinadas a satisfacer necesidades de tipo inmediato. Puede presentarse a s\u00ed mismo y a otros, pedir y dar informaci\u00f3n personal b\u00e1sica sobre su domicilio, sus pertenencias y las personas que conoce. Puede relacionarse de forma elemental siempre que su interlocutor hable despacio y con claridad y est\u00e9 dispuesto a cooperar.<\/p>\n<\/div>\n\n\n\n<div class=\"wp-block-column\">\n<p>Despu\u00e9s del trabajo realizado en el aula, el alumnado es capaz de comprender frases y expresiones de uso frecuente relacionadas con \u00e1reas de experiencia que le son especialmente relevantes (informaci\u00f3n b\u00e1sica sobre s\u00ed mismo y su familia, compras, lugares de inter\u00e9s, ocupaciones, etc). Sabe comunicarse a la hora de llevar a cabo tareas simples y cotidianas que no requieran m\u00e1s que intercambios sencillos y directos de informaci\u00f3n sobre cuestiones que le son conocidas o habituales. Sabe describir en t\u00e9rminos sencillos aspectos de su pasado y su entorno as\u00ed como cuestiones relacionadas con sus necesidades inmediatas.<\/p>\n<\/div>\n<\/div>\n\n\n\n<p class=\"has-text-align-center is-style-capital-text\">Cuando el alumnado interesado es <strong>nuevo en el centro educativo<\/strong>, se realiza un <strong>examen de nivel<\/strong> para determinar su nivel inicial de conocimientos.<\/p>\n\n\n\n<p><\/p>\n\n\n\n<div class=\"wp-block-columns\">\n<div class=\"wp-block-column\">\n<div class=\"wp-block-image is-style-default\"><figure class=\"alignright size-full is-resized\"><img loading=\"lazy\" src=\"https:\/\/cebaestella.educacion.navarra.es\/web\/wp-content\/uploads\/2025\/06\/PHOTO-2024-09-25-12-08-55-1.jpg\" alt=\"\" class=\"wp-image-561\" width=\"246\" height=\"157\"\/><\/figure><\/div>\n<\/div>\n\n\n\n<div class=\"wp-block-column\">\n<p style=\"font-size:12px\"><br><br>848 43 12 87<br>cebaeste@educacion.navarra.es<br>Calle Teobaldo II, s\/n<br>(Parque de Los Llanos)<br>31200, Estella<\/p>\n<\/div>\n<\/div>\n","protected":false},"excerpt":{"rendered":"<p>Desde el centro educativo de personas adultas de Estella-Lizarra, ofrecemos clases de espa\u00f1ol para el alumnado que lo demande. Tenemos grupos de nivel usuario b\u00e1sico (A), seg\u00fan el marco com\u00fan europeo de las lenguas: Clases nivel A1: el alumnado parte con ning\u00fan conocimiento, o un conocimiento muy elemental de la lengua espa\u00f1ola. Clases nivel A2: [&hellip;]<\/p>\n","protected":false},"author":1,"featured_media":0,"parent":0,"menu_order":0,"comment_status":"closed","ping_status":"closed","template":"","meta":{"_genesis_hide_title":false,"_genesis_hide_breadcrumbs":false,"_genesis_hide_singular_image":false,"_genesis_hide_footer_widgets":false,"_genesis_custom_body_class":"","_genesis_custom_post_class":"","_genesis_layout":""},"featured_image_src":null,"featured_image_src_square":null,"_links":{"self":[{"href":"https:\/\/cebaestella.educacion.navarra.es\/web\/wp-json\/wp\/v2\/pages\/193"}],"collection":[{"href":"https:\/\/cebaestella.educacion.navarra.es\/web\/wp-json\/wp\/v2\/pages"}],"about":[{"href":"https:\/\/cebaestella.educacion.navarra.es\/web\/wp-json\/wp\/v2\/types\/page"}],"author":[{"embeddable":true,"href":"https:\/\/cebaestella.educacion.navarra.es\/web\/wp-json\/wp\/v2\/users\/1"}],"replies":[{"embeddable":true,"href":"https:\/\/cebaestella.educacion.navarra.es\/web\/wp-json\/wp\/v2\/comments?post=193"}],"version-history":[{"count":7,"href":"https:\/\/cebaestella.educacion.navarra.es\/web\/wp-json\/wp\/v2\/pages\/193\/revisions"}],"predecessor-version":[{"id":610,"href":"https:\/\/cebaestella.educacion.navarra.es\/web\/wp-json\/wp\/v2\/pages\/193\/revisions\/610"}],"wp:attachment":[{"href":"https:\/\/cebaestella.educacion.navarra.es\/web\/wp-json\/wp\/v2\/media?parent=193"}],"curies":[{"name":"wp","href":"https:\/\/api.w.org\/{rel}","templated":true}]}}