{"id":192,"date":"2021-01-20T11:53:02","date_gmt":"2021-01-20T10:53:02","guid":{"rendered":"https:\/\/cebaestella.educacion.navarra.es\/web\/?page_id=192"},"modified":"2025-06-26T11:53:29","modified_gmt":"2025-06-26T09:53:29","slug":"alfabetizacion","status":"publish","type":"page","link":"https:\/\/cebaestella.educacion.navarra.es\/web\/alfabetizacion\/","title":{"rendered":"Alfabetizaci\u00f3n"},"content":{"rendered":"\n<div class=\"wp-block-columns\">\n<div class=\"wp-block-column\" style=\"flex-basis:33.33%\">\n<figure class=\"wp-block-image size-large\"><img src=\"https:\/\/cebaestella.educacion.navarra.es\/web\/wp-content\/uploads\/2020\/05\/Entrada-Ceba.jpg\" alt=\"\" class=\"wp-image-109\"\/><\/figure>\n\n\n\n<figure class=\"wp-block-image size-large\"><img loading=\"lazy\" width=\"1024\" height=\"576\" src=\"https:\/\/cebaestella.educacion.navarra.es\/web\/wp-content\/uploads\/2020\/08\/CEBA-2-1024x576.jpeg\" alt=\"\" class=\"wp-image-126\" srcset=\"https:\/\/cebaestella.educacion.navarra.es\/web\/wp-content\/uploads\/2020\/08\/CEBA-2-1024x576.jpeg 1024w, https:\/\/cebaestella.educacion.navarra.es\/web\/wp-content\/uploads\/2020\/08\/CEBA-2-300x169.jpeg 300w, https:\/\/cebaestella.educacion.navarra.es\/web\/wp-content\/uploads\/2020\/08\/CEBA-2-768x432.jpeg 768w, https:\/\/cebaestella.educacion.navarra.es\/web\/wp-content\/uploads\/2020\/08\/CEBA-2-1536x864.jpeg 1536w, https:\/\/cebaestella.educacion.navarra.es\/web\/wp-content\/uploads\/2020\/08\/CEBA-2.jpeg 1600w\" sizes=\"(max-width: 1024px) 100vw, 1024px\" \/><\/figure>\n\n\n\n<figure class=\"wp-block-image size-large\"><img loading=\"lazy\" width=\"1024\" height=\"576\" src=\"https:\/\/cebaestella.educacion.navarra.es\/web\/wp-content\/uploads\/2020\/08\/CEBA-1-1024x576.jpeg\" alt=\"\" class=\"wp-image-124\" srcset=\"https:\/\/cebaestella.educacion.navarra.es\/web\/wp-content\/uploads\/2020\/08\/CEBA-1-1024x576.jpeg 1024w, https:\/\/cebaestella.educacion.navarra.es\/web\/wp-content\/uploads\/2020\/08\/CEBA-1-300x169.jpeg 300w, https:\/\/cebaestella.educacion.navarra.es\/web\/wp-content\/uploads\/2020\/08\/CEBA-1-768x432.jpeg 768w, https:\/\/cebaestella.educacion.navarra.es\/web\/wp-content\/uploads\/2020\/08\/CEBA-1-1536x864.jpeg 1536w, https:\/\/cebaestella.educacion.navarra.es\/web\/wp-content\/uploads\/2020\/08\/CEBA-1.jpeg 1600w\" sizes=\"(max-width: 1024px) 100vw, 1024px\" \/><\/figure>\n\n\n\n<figure class=\"wp-block-image size-large\"><img loading=\"lazy\" width=\"1000\" height=\"472\" src=\"https:\/\/cebaestella.educacion.navarra.es\/web\/wp-content\/uploads\/2021\/04\/infor2-e1619166467889.png\" alt=\"\" class=\"wp-image-373\" srcset=\"https:\/\/cebaestella.educacion.navarra.es\/web\/wp-content\/uploads\/2021\/04\/infor2-e1619166467889.png 1000w, https:\/\/cebaestella.educacion.navarra.es\/web\/wp-content\/uploads\/2021\/04\/infor2-e1619166467889-300x142.png 300w, https:\/\/cebaestella.educacion.navarra.es\/web\/wp-content\/uploads\/2021\/04\/infor2-e1619166467889-768x362.png 768w\" sizes=\"(max-width: 1000px) 100vw, 1000px\" \/><\/figure>\n<\/div>\n\n\n\n<div class=\"wp-block-column\" style=\"flex-basis:66.66%\">\n<p>El idioma es una necesidad para poder realizar tareas habituales como:&nbsp;<\/p>\n\n\n\n<ul><li>ir al supermercado<\/li><li>al m\u00e9dico<\/li><li>llevar a los ni\u00f1os y ni\u00f1as a la escuela\u2026&#8230;&nbsp;<\/li><\/ul>\n\n\n\n<p>Para poder hacer cada d\u00eda estas tareas debemos saber:<\/p>\n\n\n\n<p class=\"has-text-align-center\"><strong>HABLAR, COMPRENDER , LEER Y ESCRIBIR.<\/strong><\/p>\n\n\n\n<p>Para poder&nbsp; aprender ofrecemos los <strong>CURSOS DE ALFABETIZACI\u00d3N.<\/strong><\/p>\n\n\n\n<p>Las clases se imparten en los diferentes <strong>Centros<\/strong> que tiene <strong>\u201cCEBA ESTELLA\u201d<\/strong> actualmente en: <strong>Estella-Lizarra<\/strong> y en <strong>Allo, Andosilla, Azagra, Carcar, Ler\u00edn, Lodosa, Mendavia, Murieta, San Adri\u00e1n, Sartag<strong>uda<\/strong><\/strong>, <strong>Sesma y Viana.<\/strong><\/p>\n\n\n\n<p>Las clases son <strong>dos d\u00edas<\/strong> a la semana, con una duraci\u00f3n de <strong>1 hora y 45 minutos<\/strong> cada sesi\u00f3n.<\/p>\n\n\n\n<p>Las clases son din\u00e1micas y participativas en contextos de la vida cotidiana.<\/p>\n<\/div>\n<\/div>\n\n\n\n<div class=\"wp-block-columns\">\n<div class=\"wp-block-column\">\n<div class=\"wp-block-image is-style-default\"><figure class=\"alignright size-full is-resized\"><img loading=\"lazy\" src=\"https:\/\/cebaestella.educacion.navarra.es\/web\/wp-content\/uploads\/2025\/06\/PHOTO-2024-09-25-12-08-55-1.jpg\" alt=\"\" class=\"wp-image-561\" width=\"246\" height=\"157\"\/><\/figure><\/div>\n<\/div>\n\n\n\n<div class=\"wp-block-column\">\n<p style=\"font-size:12px\"><br><br>848 43 12 87<br>cebaeste@educacion.navarra.es<br>Calle Teobaldo II, s\/n<br>(Parque de Los Llanos)<br>31200, Estella<\/p>\n<\/div>\n<\/div>\n","protected":false},"excerpt":{"rendered":"<p>El idioma es una necesidad para poder realizar tareas habituales como:&nbsp; ir al supermercado al m\u00e9dico llevar a los ni\u00f1os y ni\u00f1as a la escuela\u2026&#8230;&nbsp; Para poder hacer cada d\u00eda estas tareas debemos saber: HABLAR, COMPRENDER , LEER Y ESCRIBIR. Para poder&nbsp; aprender ofrecemos los CURSOS DE ALFABETIZACI\u00d3N. Las clases se imparten en los diferentes [&hellip;]<\/p>\n","protected":false},"author":1,"featured_media":0,"parent":0,"menu_order":0,"comment_status":"closed","ping_status":"closed","template":"","meta":{"_genesis_hide_title":false,"_genesis_hide_breadcrumbs":false,"_genesis_hide_singular_image":false,"_genesis_hide_footer_widgets":false,"_genesis_custom_body_class":"","_genesis_custom_post_class":"","_genesis_layout":""},"featured_image_src":null,"featured_image_src_square":null,"_links":{"self":[{"href":"https:\/\/cebaestella.educacion.navarra.es\/web\/wp-json\/wp\/v2\/pages\/192"}],"collection":[{"href":"https:\/\/cebaestella.educacion.navarra.es\/web\/wp-json\/wp\/v2\/pages"}],"about":[{"href":"https:\/\/cebaestella.educacion.navarra.es\/web\/wp-json\/wp\/v2\/types\/page"}],"author":[{"embeddable":true,"href":"https:\/\/cebaestella.educacion.navarra.es\/web\/wp-json\/wp\/v2\/users\/1"}],"replies":[{"embeddable":true,"href":"https:\/\/cebaestella.educacion.navarra.es\/web\/wp-json\/wp\/v2\/comments?post=192"}],"version-history":[{"count":8,"href":"https:\/\/cebaestella.educacion.navarra.es\/web\/wp-json\/wp\/v2\/pages\/192\/revisions"}],"predecessor-version":[{"id":611,"href":"https:\/\/cebaestella.educacion.navarra.es\/web\/wp-json\/wp\/v2\/pages\/192\/revisions\/611"}],"wp:attachment":[{"href":"https:\/\/cebaestella.educacion.navarra.es\/web\/wp-json\/wp\/v2\/media?parent=192"}],"curies":[{"name":"wp","href":"https:\/\/api.w.org\/{rel}","templated":true}]}}