{"id":15,"date":"2020-03-24T13:26:13","date_gmt":"2020-03-24T12:26:13","guid":{"rendered":"https:\/\/cebaestella.educacion.navarra.es\/web\/homepage\/"},"modified":"2025-06-26T11:51:11","modified_gmt":"2025-06-26T09:51:11","slug":"inicio","status":"publish","type":"page","link":"https:\/\/cebaestella.educacion.navarra.es\/web\/","title":{"rendered":"Inicio"},"content":{"rendered":"\n<div class=\"wp-block-genesis-blocks-gb-columns gb-layout-columns-1 one-column gb-has-background-dim gb-has-background-dim-90 gb-background-cover gb-background-no-repeat has-theme-primary-background-color gb-columns-center alignfull\" style=\"padding-top:15%;padding-right:8%;padding-bottom:25%;padding-left:8%;background-image:url(https:\/\/cebaestella.educacion.navarra.es\/web\/wp-content\/uploads\/2020\/08\/CEBA-1.jpeg);background-position:50% 69.79166666666666%\"><div class=\"gb-layout-column-wrap gb-block-layout-column-gap-0 gb-is-responsive-column\" style=\"max-width:1200px\">\n<div class=\"wp-block-genesis-blocks-gb-column gb-block-layout-column\"><div class=\"gb-block-layout-column-inner\">\n<h1 class=\"has-text-align-left is-style-xl-text has-text-color\" style=\"color:#ffffff;font-size:56px\">Bienvenidas y bienvenidos a la web del <\/h1>\n\n\n\n<h1 class=\"has-text-align-left is-style-xl-text has-text-color\" style=\"color:#ffffff\">\u00abCEBA ESTELLA-LIZARRA\u00bb<\/h1>\n<\/div><\/div>\n<\/div><\/div>\n\n\n\n<div class=\"wp-block-genesis-blocks-gb-columns gb-layout-columns-2 gb-2-col-wideleft gb-columns-center alignfull\" style=\"padding-right:4%;padding-left:4%\"><div class=\"gb-layout-column-wrap gb-block-layout-column-gap-1 gb-is-responsive-column\" style=\"max-width:1240px\">\n<div class=\"wp-block-genesis-blocks-gb-column is-style-offset-up gb-block-layout-column\"><div class=\"gb-block-layout-column-inner gb-has-custom-background-color\" style=\"padding:20px;background-color:#faf7f4\">\n<div class=\"wp-block-genesis-blocks-gb-columns gb-layout-columns-1 one-column has-theme-primary-background-color gb-has-custom-text-color\" style=\"padding-top:4%;padding-right:4%;padding-bottom:4%;padding-left:4%;color:#ffffff\"><div class=\"gb-layout-column-wrap gb-block-layout-column-gap-2 gb-is-responsive-column\">\n<div class=\"wp-block-genesis-blocks-gb-column gb-block-layout-column\"><div class=\"gb-block-layout-column-inner\">\n<h2 class=\"has-text-align-left small-heading is-style-small-text\"><strong>\u00bfQui\u00e9nes somos?<\/strong><\/h2>\n\n\n\n<p><\/p>\n\n\n\n<p>Somos el <strong>Centro de Educaci\u00f3n B\u00e1sica de adultos de Estella-Lizarra<\/strong>. Acompa\u00f1amos a quienes desean aprender, mejorar sus conocimientos y conseguir nuevas oportunidades. <\/p>\n\n\n\n<p>Estamos tambi\u00e9n presentes en varias <strong>aulas <\/strong>de <strong>localidades de toda Tierra Estella: <\/strong>Allo, Andosilla, Azagra, Carcar, Ler\u00edn, Lodosa, Mendavia, Murieta, San Adri\u00e1n, Sartaguda, Sesma y Viana.<strong> <\/strong><\/p>\n<\/div><\/div>\n<\/div><\/div>\n\n\n\n<div style=\"height:21px\" aria-hidden=\"true\" class=\"wp-block-spacer\"><\/div>\n<\/div><\/div>\n\n\n\n<div class=\"wp-block-genesis-blocks-gb-column gb-block-layout-column\"><div class=\"gb-block-layout-column-inner\" style=\"margin-top:10px;padding-top:5%;padding-left:3%;text-align:left\">\n<h1 class=\"has-text-align-left\"><mark style=\"background-color:rgba(0, 0, 0, 0)\" class=\"has-inline-color has-theme-primary-color\">Curso 2025\/2026 <\/mark><\/h1>\n\n\n\n<p>Consulta el calendario de preinscripci\u00f3n y matr\u00edcula para el pr\u00f3ximo curso.<\/p>\n\n\n\n<div class=\"wp-container-1 wp-block-buttons\"><\/div>\n\n\n\n<p class=\"has-text-align-left is-style-highlight-text\"><a href=\"https:\/\/cebaestella.educacion.navarra.es\/web\/contacto\/\" data-type=\"URL\" data-id=\"https:\/\/cebaestella.educacion.navarra.es\/web\/contacto\/\">Para m\u00e1s informaci\u00f3n contacta con nosotros.                Te resolveremos las dudas en el menor tiempo posible.<\/a><\/p>\n\n\n\n<p class=\"has-text-align-left\"><\/p>\n<\/div><\/div>\n<\/div><\/div>\n\n\n\n<div class=\"wp-container-2 wp-block-group\"><div class=\"wp-block-group__inner-container\">\n<div class=\"wp-block-columns\">\n<div class=\"wp-block-column\">\n<div class=\"wp-block-image is-style-default\"><figure class=\"alignright size-full is-resized\"><img loading=\"lazy\" src=\"https:\/\/cebaestella.educacion.navarra.es\/web\/wp-content\/uploads\/2025\/06\/PHOTO-2024-09-25-12-08-55-1.jpg\" alt=\"\" class=\"wp-image-561\" width=\"246\" height=\"157\"\/><\/figure><\/div>\n<\/div>\n\n\n\n<div class=\"wp-block-column\">\n<p style=\"font-size:12px\"><br><br>848 43 12 87<br>cebaeste@educacion.navarra.es<br>Calle Teobaldo II, s\/n<br>(Parque de Los Llanos)<br>31200, Estella<\/p>\n<\/div>\n<\/div>\n<\/div><\/div>\n\n\n\n<div class=\"wp-block-columns\">\n<div class=\"wp-block-column\" style=\"flex-basis:100%\"><\/div>\n<\/div>\n","protected":false},"excerpt":{"rendered":"","protected":false},"author":1,"featured_media":0,"parent":0,"menu_order":0,"comment_status":"closed","ping_status":"closed","template":"templates\/blocks.php","meta":{"_genesis_hide_title":true,"_genesis_hide_breadcrumbs":true,"_genesis_hide_singular_image":true,"_genesis_hide_footer_widgets":false,"_genesis_custom_body_class":"","_genesis_custom_post_class":"","_genesis_layout":"full-width-content"},"featured_image_src":null,"featured_image_src_square":null,"_links":{"self":[{"href":"https:\/\/cebaestella.educacion.navarra.es\/web\/wp-json\/wp\/v2\/pages\/15"}],"collection":[{"href":"https:\/\/cebaestella.educacion.navarra.es\/web\/wp-json\/wp\/v2\/pages"}],"about":[{"href":"https:\/\/cebaestella.educacion.navarra.es\/web\/wp-json\/wp\/v2\/types\/page"}],"author":[{"embeddable":true,"href":"https:\/\/cebaestella.educacion.navarra.es\/web\/wp-json\/wp\/v2\/users\/1"}],"replies":[{"embeddable":true,"href":"https:\/\/cebaestella.educacion.navarra.es\/web\/wp-json\/wp\/v2\/comments?post=15"}],"version-history":[{"count":48,"href":"https:\/\/cebaestella.educacion.navarra.es\/web\/wp-json\/wp\/v2\/pages\/15\/revisions"}],"predecessor-version":[{"id":608,"href":"https:\/\/cebaestella.educacion.navarra.es\/web\/wp-json\/wp\/v2\/pages\/15\/revisions\/608"}],"wp:attachment":[{"href":"https:\/\/cebaestella.educacion.navarra.es\/web\/wp-json\/wp\/v2\/media?parent=15"}],"curies":[{"name":"wp","href":"https:\/\/api.w.org\/{rel}","templated":true}]}}